{"id":500,"date":"2023-02-18T19:55:51","date_gmt":"2023-02-18T19:55:51","guid":{"rendered":"https:\/\/idceramicas.com\/workshop\/"},"modified":"2024-06-06T15:31:04","modified_gmt":"2024-06-06T15:31:04","slug":"aulas","status":"publish","type":"page","link":"https:\/\/idceramicas.com\/en\/aulas\/","title":{"rendered":"Classes"},"content":{"rendered":"<div data-elementor-type=\"wp-page\" data-elementor-id=\"500\" class=\"elementor elementor-500\" data-elementor-post-type=\"page\">\n\t\t\t\t\t\t<section class=\"elementor-section elementor-top-section elementor-element elementor-element-66041aa9 elementor-section-full_width elementor-section-height-min-height elementor-section-items-stretch elementor-section-content-middle elementor-reverse-tablet elementor-reverse-mobile elementor-section-height-default\" data-id=\"66041aa9\" data-element_type=\"section\" data-e-type=\"section\">\n\t\t\t\t\t\t<div class=\"elementor-container elementor-column-gap-no\">\n\t\t\t\t\t<div class=\"elementor-column elementor-col-50 elementor-top-column elementor-element elementor-element-6a831647\" data-id=\"6a831647\" data-element_type=\"column\" data-e-type=\"column\">\n\t\t\t<div class=\"elementor-widget-wrap elementor-element-populated\">\n\t\t\t\t\t\t<section class=\"elementor-section elementor-inner-section elementor-element elementor-element-1731ca60 elementor-section-full_width elementor-section-height-default elementor-section-height-default\" data-id=\"1731ca60\" data-element_type=\"section\" data-e-type=\"section\">\n\t\t\t\t\t\t<div class=\"elementor-container elementor-column-gap-no\">\n\t\t\t\t\t<div class=\"elementor-column elementor-col-100 elementor-inner-column elementor-element elementor-element-7f1ca3b7\" data-id=\"7f1ca3b7\" data-element_type=\"column\" data-e-type=\"column\">\n\t\t\t<div class=\"elementor-widget-wrap elementor-element-populated\">\n\t\t\t\t\t\t<div class=\"elementor-element elementor-element-4e84e128 elementor-widget elementor-widget-heading\" data-id=\"4e84e128\" data-element_type=\"widget\" data-e-type=\"widget\" data-widget_type=\"heading.default\">\n\t\t\t\t<div class=\"elementor-widget-container\">\n\t\t\t\t\t<h1 class=\"elementor-heading-title elementor-size-default\">Classes<\/h1>\t\t\t\t<\/div>\n\t\t\t\t<\/div>\n\t\t\t\t<div class=\"elementor-element elementor-element-6f2c6bf1 elementor-widget__width-initial elementor-widget elementor-widget-text-editor\" data-id=\"6f2c6bf1\" data-element_type=\"widget\" data-e-type=\"widget\" data-widget_type=\"text-editor.default\">\n\t\t\t\t<div class=\"elementor-widget-container\">\n\t\t\t\t\t\t\t\t\t<p>Our classes are designed to help you learn the basics of pottery and build your skills at your own pace. You'll learn hand-building, wheel casting, glazing, and much more. We'll guide you through the process and help you create your unique pieces. Whether you are a complete beginner or an experienced potter, we will tailor classes to your needs and interests.<\/p>\t\t\t\t\t\t\t\t<\/div>\n\t\t\t\t<\/div>\n\t\t\t\t<div class=\"elementor-element elementor-element-45c29a17 elementor-align-left elementor-invisible elementor-widget elementor-widget-button\" data-id=\"45c29a17\" data-element_type=\"widget\" data-e-type=\"widget\" data-settings=\"{&quot;_animation&quot;:&quot;fadeInDown&quot;}\" data-widget_type=\"button.default\">\n\t\t\t\t<div class=\"elementor-widget-container\">\n\t\t\t\t\t\t\t\t\t<div class=\"elementor-button-wrapper\">\n\t\t\t\t\t<a class=\"elementor-button elementor-button-link elementor-size-sm elementor-animation-sink\" href=\"https:\/\/wa.me\/351937535458\" target=\"_blank\">\n\t\t\t\t\t\t<span class=\"elementor-button-content-wrapper\">\n\t\t\t\t\t\t<span class=\"elementor-button-icon\">\n\t\t\t\t<svg aria-hidden=\"true\" class=\"e-font-icon-svg e-fab-whatsapp\" viewbox=\"0 0 448 512\" xmlns=\"http:\/\/www.w3.org\/2000\/svg\"><path d=\"M380.9 97.1C339 55.1 283.2 32 223.9 32c-122.4 0-222 99.6-222 222 0 39.1 10.2 77.3 29.6 111L0 480l117.7-30.9c32.4 17.7 68.9 27 106.1 27h.1c122.3 0 224.1-99.6 224.1-222 0-59.3-25.2-115-67.1-157zm-157 341.6c-33.2 0-65.7-8.9-94-25.7l-6.7-4-69.8 18.3L72 359.2l-4.4-7c-18.5-29.4-28.2-63.3-28.2-98.2 0-101.7 82.8-184.5 184.6-184.5 49.3 0 95.6 19.2 130.4 54.1 34.8 34.9 56.2 81.2 56.1 130.5 0 101.8-84.9 184.6-186.6 184.6zm101.2-138.2c-5.5-2.8-32.8-16.2-37.9-18-5.1-1.9-8.8-2.8-12.5 2.8-3.7 5.6-14.3 18-17.6 21.8-3.2 3.7-6.5 4.2-12 1.4-32.6-16.3-54-29.1-75.5-66-5.7-9.8 5.7-9.1 16.3-30.3 1.8-3.7.9-6.9-.5-9.7-1.4-2.8-12.5-30.1-17.1-41.2-4.5-10.8-9.1-9.3-12.5-9.5-3.2-.2-6.9-.2-10.6-.2-3.7 0-9.7 1.4-14.8 6.9-5.1 5.6-19.4 19-19.4 46.3 0 27.3 19.9 53.7 22.6 57.4 2.8 3.7 39.1 59.7 94.8 83.8 35.2 15.2 49 16.5 66.6 13.9 10.7-1.6 32.8-13.4 37.4-26.4 4.6-13 4.6-24.1 3.2-26.4-1.3-2.5-5-3.9-10.5-6.6z\"><\/path><\/svg>\t\t\t<\/span>\n\t\t\t\t\t\t\t\t\t<span class=\"elementor-button-text\">Click here<\/span>\n\t\t\t\t\t<\/span>\n\t\t\t\t\t<\/a>\n\t\t\t\t<\/div>\n\t\t\t\t\t\t\t\t<\/div>\n\t\t\t\t<\/div>\n\t\t\t\t\t<\/div>\n\t\t<\/div>\n\t\t\t\t\t<\/div>\n\t\t<\/section>\n\t\t\t\t<div class=\"elementor-element elementor-element-36c1e5d4 elementor-icon-list--layout-traditional elementor-list-item-link-full_width elementor-invisible elementor-widget elementor-widget-icon-list\" data-id=\"36c1e5d4\" data-element_type=\"widget\" data-e-type=\"widget\" data-settings=\"{&quot;_animation&quot;:&quot;fadeInUp&quot;}\" data-widget_type=\"icon-list.default\">\n\t\t\t\t<div class=\"elementor-widget-container\">\n\t\t\t\t\t\t\t<ul class=\"elementor-icon-list-items\">\n\t\t\t\t\t\t\t<li class=\"elementor-icon-list-item\">\n\t\t\t\t\t\t\t\t\t\t\t<span class=\"elementor-icon-list-icon\">\n\t\t\t\t\t\t\t<svg xmlns=\"http:\/\/www.w3.org\/2000\/svg\" id=\"b23d4742-0f9d-4cf4-82e3-adf7a8fbb92e\" data-name=\"Layer 1\" width=\"20.5\" height=\"21\" viewbox=\"0 0 20.5 21\"><path d=\"M12,0C6.201,0,0,6.201,0,12s6.201,9,12,9,8.5-5.701,8.5-11.5S17.799,0,12,0Zm4.4789,12.1437a.5.5,0,0,1-.6226.3352l-5-1.5A.5.5,0,0,1,10.5,10.5V5a.5.5,0,0,1,1,0v5.128l4.6437,1.3931A.5.5,0,0,1,16.4789,12.1437Z\" style=\"fill-rule:evenodd\"><\/path><\/svg>\t\t\t\t\t\t<\/span>\n\t\t\t\t\t\t\t\t\t\t<span class=\"elementor-icon-list-text\">3 Hours<\/span>\n\t\t\t\t\t\t\t\t\t<\/li>\n\t\t\t\t\t\t\t\t<li class=\"elementor-icon-list-item\">\n\t\t\t\t\t\t\t\t\t\t\t<span class=\"elementor-icon-list-icon\">\n\t\t\t\t\t\t\t<svg xmlns=\"http:\/\/www.w3.org\/2000\/svg\" id=\"f0f81b6f-59a6-4203-a5ce-1da61724b84d\" data-name=\"Layer 1\" width=\"21.4038\" height=\"19.9816\" viewbox=\"0 0 21.4038 19.9816\"><path d=\"M21.3344,8.3391C19.24,2.9316,11.2175-.6108,5.81,1.4838S-.3424,10.517,1.7522,15.9245s8.3864,5.8669,13.7939,3.7722S23.429,13.7466,21.3344,8.3391ZM13.2907,14.268a3.0572,3.0572,0,0,1-1.788.792v.852a.519.519,0,0,1-.144.384.4642.4642,0,0,1-.36.144.5034.5034,0,0,1-.372-.144.5461.5461,0,0,1-.132-.384v-.828a5.82,5.82,0,0,1-1.392-.288,3.5331,3.5331,0,0,1-1.128-.648.56.56,0,0,1-.228-.48.5831.5831,0,0,1,.108-.36.3545.3545,0,0,1,.288-.156.7949.7949,0,0,1,.408.156,4.1189,4.1189,0,0,0,2.328.78,2.246,2.246,0,0,0,1.368-.36,1.1892,1.1892,0,0,0,.492-1.02.8181.8181,0,0,0-.264-.636,1.7419,1.7419,0,0,0-.648-.396,9.963,9.963,0,0,0-1.068-.312,11.65,11.65,0,0,1-1.464-.456,2.4832,2.4832,0,0,1-.972-.708,1.9355,1.9355,0,0,1-.396-1.272,2.1974,2.1974,0,0,1,.696-1.644,3.0958,3.0958,0,0,1,1.86-.816v-.84a.5461.5461,0,0,1,.132-.384.5034.5034,0,0,1,.372-.144.4642.4642,0,0,1,.36.144.519.519,0,0,1,.144.384v.84a3.84,3.84,0,0,1,1.164.3,3.2774,3.2774,0,0,1,.996.624.591.591,0,0,1,.24.48.5741.5741,0,0,1-.12.36.3545.3545,0,0,1-.288.156.7949.7949,0,0,1-.408-.156,4.3669,4.3669,0,0,0-.984-.588,2.8981,2.8981,0,0,0-1.104-.192,2.0888,2.0888,0,0,0-1.32.384,1.2536,1.2536,0,0,0-.492,1.044.9738.9738,0,0,0,.276.72,1.923,1.923,0,0,0,.684.432,11.4624,11.4624,0,0,0,1.116.312,9.7351,9.7351,0,0,1,1.416.444,2.3189,2.3189,0,0,1,.924.672,1.7907,1.7907,0,0,1,.384,1.212A2.1118,2.1118,0,0,1,13.2907,14.268Z\" transform=\"translate(-0.6716 -0.8733)\" style=\"fill-rule:evenodd\"><\/path><\/svg>\t\t\t\t\t\t<\/span>\n\t\t\t\t\t\t\t\t\t\t<span class=\"elementor-icon-list-text\">\u20ac100<\/span>\n\t\t\t\t\t\t\t\t\t<\/li>\n\t\t\t\t\t\t\t\t<li class=\"elementor-icon-list-item\">\n\t\t\t\t\t\t\t\t\t\t\t<span class=\"elementor-icon-list-icon\">\n\t\t\t\t\t\t\t<svg xmlns=\"http:\/\/www.w3.org\/2000\/svg\" id=\"a050e0bd-2cd3-4eec-92de-5ba4d903b986\" data-name=\"Layer 1\" width=\"39.2266\" height=\"38.2318\" viewbox=\"0 0 39.2266 38.2318\"><path d=\"M15,17H40.0554c-.0174-1.3642-.0551-2.7086-.1141-4H15Z\" transform=\"translate(-0.8398 -0.2681)\"><\/path><path d=\"M22,11V.2773C13.1447.3739,3.8128,1.1869,3,2c-.49.49-1.0867,4.1814-1.5287,9H22Z\" transform=\"translate(-0.8398 -0.2681)\"><\/path><path d=\"M38,2C36.749.749,30.7171.2805,24,.2681V11H39.83C39.5292,6.4884,38.9343,2.9343,38,2Z\" transform=\"translate(-0.8398 -0.2681)\"><\/path><path d=\"M3,37c1.8269.9133,8.7637,1.41,16,1.4887V20H.9131C.6467,28.0811,1.055,36.0275,3,37Z\" transform=\"translate(-0.8398 -0.2681)\"><\/path><path d=\"M21,19v6H34a1,1,0,0,1,1,1V37.8077A7.7331,7.7331,0,0,0,38,37c1.2949-1.036,2.0532-9.5833,2.0666-18Z\" transform=\"translate(-0.8398 -0.2681)\"><\/path><path d=\"M21,38.5c4.4148.0015,8.7767-.1517,12-.4595V27H21Z\" transform=\"translate(-0.8398 -0.2681)\"><\/path><path d=\"M13,13H1.3019c-.1248,1.6039-.2307,3.2923-.31,5H13Z\" transform=\"translate(-0.8398 -0.2681)\"><\/path><\/svg>\t\t\t\t\t\t<\/span>\n\t\t\t\t\t\t\t\t\t\t<span class=\"elementor-icon-list-text\">4 Classes<\/span>\n\t\t\t\t\t\t\t\t\t<\/li>\n\t\t\t\t\t\t<\/ul>\n\t\t\t\t\t\t<\/div>\n\t\t\t\t<\/div>\n\t\t\t\t\t<\/div>\n\t\t<\/div>\n\t\t\t\t<div class=\"elementor-column elementor-col-50 elementor-top-column elementor-element elementor-element-5d6d9c7\" data-id=\"5d6d9c7\" data-element_type=\"column\" data-e-type=\"column\" data-settings=\"{&quot;background_background&quot;:&quot;classic&quot;}\">\n\t\t\t<div class=\"elementor-widget-wrap elementor-element-populated\">\n\t\t\t\t\t\t<div class=\"elementor-element elementor-element-563eaa00 elementor-widget elementor-widget-spacer\" data-id=\"563eaa00\" data-element_type=\"widget\" data-e-type=\"widget\" data-widget_type=\"spacer.default\">\n\t\t\t\t<div class=\"elementor-widget-container\">\n\t\t\t\t\t\t\t<div class=\"elementor-spacer\">\n\t\t\t<div class=\"elementor-spacer-inner\"><\/div>\n\t\t<\/div>\n\t\t\t\t\t\t<\/div>\n\t\t\t\t<\/div>\n\t\t\t\t\t<\/div>\n\t\t<\/div>\n\t\t\t\t\t<\/div>\n\t\t<\/section>\n\t\t\t\t<section class=\"elementor-section elementor-top-section elementor-element elementor-element-5c1d5fab elementor-section-full_width elementor-section-height-default elementor-section-height-default\" data-id=\"5c1d5fab\" data-element_type=\"section\" data-e-type=\"section\">\n\t\t\t\t\t\t<div class=\"elementor-container elementor-column-gap-no\">\n\t\t\t\t\t<div class=\"elementor-column elementor-col-100 elementor-top-column elementor-element elementor-element-63d4a9a4\" data-id=\"63d4a9a4\" data-element_type=\"column\" data-e-type=\"column\">\n\t\t\t<div class=\"elementor-widget-wrap elementor-element-populated\">\n\t\t\t\t\t\t<div class=\"elementor-element elementor-element-3c450ce3 elementor-widget elementor-widget-heading\" data-id=\"3c450ce3\" data-element_type=\"widget\" data-e-type=\"widget\" data-widget_type=\"heading.default\">\n\t\t\t\t<div class=\"elementor-widget-container\">\n\t\t\t\t\t<span class=\"elementor-heading-title elementor-size-default\">student work\n<\/span>\t\t\t\t<\/div>\n\t\t\t\t<\/div>\n\t\t\t\t<div class=\"elementor-element elementor-element-1db66b18 elementor-pagination-position-outside elementor-widget elementor-widget-image-carousel\" data-id=\"1db66b18\" data-element_type=\"widget\" data-e-type=\"widget\" data-settings=\"{&quot;slides_to_show&quot;:&quot;6&quot;,&quot;slides_to_scroll&quot;:&quot;1&quot;,&quot;navigation&quot;:&quot;dots&quot;,&quot;pause_on_hover&quot;:&quot;no&quot;,&quot;pause_on_interaction&quot;:&quot;no&quot;,&quot;slides_to_show_mobile&quot;:&quot;3&quot;,&quot;autoplay&quot;:&quot;yes&quot;,&quot;autoplay_speed&quot;:5000,&quot;infinite&quot;:&quot;yes&quot;,&quot;speed&quot;:500,&quot;image_spacing_custom&quot;:{&quot;unit&quot;:&quot;px&quot;,&quot;size&quot;:20,&quot;sizes&quot;:[]},&quot;image_spacing_custom_tablet&quot;:{&quot;unit&quot;:&quot;px&quot;,&quot;size&quot;:&quot;&quot;,&quot;sizes&quot;:[]},&quot;image_spacing_custom_mobile&quot;:{&quot;unit&quot;:&quot;px&quot;,&quot;size&quot;:&quot;&quot;,&quot;sizes&quot;:[]}}\" data-widget_type=\"image-carousel.default\">\n\t\t\t\t<div class=\"elementor-widget-container\">\n\t\t\t\t\t\t\t<div class=\"elementor-image-carousel-wrapper swiper\" role=\"region\" aria-roledescription=\"carousel\" aria-label=\"Carrossel de imagens\" dir=\"ltr\">\n\t\t\t<div class=\"elementor-image-carousel swiper-wrapper\" aria-live=\"off\">\n\t\t\t\t\t\t\t\t<div class=\"swiper-slide\" role=\"group\" aria-roledescription=\"slide\" aria-label=\"1 de 11\"><figure class=\"swiper-slide-inner\"><img decoding=\"async\" class=\"swiper-slide-image\" src=\"https:\/\/idceramicas.com\/wp-content\/uploads\/2023\/03\/f4038e94-a9e4-4bac-9da1-45e47813c8cc.jpg\" alt=\"f4038e94-a9e4-4bac-9da1-45e47813c8cc\" \/><\/figure><\/div><div class=\"swiper-slide\" role=\"group\" aria-roledescription=\"slide\" aria-label=\"2 de 11\"><figure class=\"swiper-slide-inner\"><img decoding=\"async\" class=\"swiper-slide-image\" src=\"https:\/\/idceramicas.com\/wp-content\/uploads\/2023\/03\/f5f4bad3-5b7d-4527-a565-279405c21ee8.jpg\" alt=\"f5f4bad3-5b7d-4527-a565-279405c21ee8\" \/><\/figure><\/div><div class=\"swiper-slide\" role=\"group\" aria-roledescription=\"slide\" aria-label=\"3 de 11\"><figure class=\"swiper-slide-inner\"><img decoding=\"async\" class=\"swiper-slide-image\" src=\"https:\/\/idceramicas.com\/wp-content\/uploads\/2023\/03\/e87a5e1f-c057-4a53-8815-4939fcfb3f69.jpg\" alt=\"e87a5e1f-c057-4a53-8815-4939fcfb3f69\" \/><\/figure><\/div><div class=\"swiper-slide\" role=\"group\" aria-roledescription=\"slide\" aria-label=\"4 de 11\"><figure class=\"swiper-slide-inner\"><img decoding=\"async\" class=\"swiper-slide-image\" src=\"https:\/\/idceramicas.com\/wp-content\/uploads\/2023\/03\/e8cb872c-f602-4464-b1a5-e701b21558db.jpg\" alt=\"e8cb872c-f602-4464-b1a5-e701b21558db\" \/><\/figure><\/div><div class=\"swiper-slide\" role=\"group\" aria-roledescription=\"slide\" aria-label=\"5 de 11\"><figure class=\"swiper-slide-inner\"><img decoding=\"async\" class=\"swiper-slide-image\" src=\"https:\/\/idceramicas.com\/wp-content\/uploads\/2023\/03\/adcf5e28-c5fc-49cf-b31c-59ed8f882e08.jpg\" alt=\"adcf5e28-c5fc-49cf-b31c-59ed8f882e08\" \/><\/figure><\/div><div class=\"swiper-slide\" role=\"group\" aria-roledescription=\"slide\" aria-label=\"6 de 11\"><figure class=\"swiper-slide-inner\"><img decoding=\"async\" class=\"swiper-slide-image\" src=\"https:\/\/idceramicas.com\/wp-content\/uploads\/2023\/03\/51518b57-7a39-43c0-8c4f-c451bdcf79d0.jpg\" alt=\"51518b57-7a39-43c0-8c4f-c451bdcf79d0\" \/><\/figure><\/div><div class=\"swiper-slide\" role=\"group\" aria-roledescription=\"slide\" aria-label=\"7 de 11\"><figure class=\"swiper-slide-inner\"><img decoding=\"async\" class=\"swiper-slide-image\" src=\"https:\/\/idceramicas.com\/wp-content\/uploads\/2023\/03\/4e1bc526-c741-4c3a-b71d-408a8ca6f5cd-2.jpg\" alt=\"4e1bc526-c741-4c3a-b71d-408a8ca6f5cd 2\" \/><\/figure><\/div><div class=\"swiper-slide\" role=\"group\" aria-roledescription=\"slide\" aria-label=\"8 de 11\"><figure class=\"swiper-slide-inner\"><img decoding=\"async\" class=\"swiper-slide-image\" src=\"https:\/\/idceramicas.com\/wp-content\/uploads\/2023\/03\/1.jpg\" alt=\"1\" \/><\/figure><\/div><div class=\"swiper-slide\" role=\"group\" aria-roledescription=\"slide\" aria-label=\"9 de 11\"><figure class=\"swiper-slide-inner\"><img decoding=\"async\" class=\"swiper-slide-image\" src=\"https:\/\/idceramicas.com\/wp-content\/uploads\/2023\/03\/51f4e81a-47bf-412f-8ceb-35f1aed4cb6e.jpg\" alt=\"51f4e81a-47bf-412f-8ceb-35f1aed4cb6e\" \/><\/figure><\/div><div class=\"swiper-slide\" role=\"group\" aria-roledescription=\"slide\" aria-label=\"10 de 11\"><figure class=\"swiper-slide-inner\"><img decoding=\"async\" class=\"swiper-slide-image\" src=\"https:\/\/idceramicas.com\/wp-content\/uploads\/2023\/03\/0686db90-ec54-4ba1-9f66-f2216864201c.jpg\" alt=\"0686db90-ec54-4ba1-9f66-f2216864201c\" \/><\/figure><\/div><div class=\"swiper-slide\" role=\"group\" aria-roledescription=\"slide\" aria-label=\"11 de 11\"><figure class=\"swiper-slide-inner\"><img decoding=\"async\" class=\"swiper-slide-image\" src=\"https:\/\/idceramicas.com\/wp-content\/uploads\/2023\/03\/8027ee92-f0f6-4a5d-9ec4-c2fcb2737d16.jpg\" alt=\"8027ee92-f0f6-4a5d-9ec4-c2fcb2737d16\" \/><\/figure><\/div>\t\t\t<\/div>\n\t\t\t\t\t\t\t\n\t\t\t\t\t\t\t\t\t<div class=\"swiper-pagination\"><\/div>\n\t\t\t\t\t\t\t\t\t<\/div>\n\t\t\t\t\t\t<\/div>\n\t\t\t\t<\/div>\n\t\t\t\t\t<\/div>\n\t\t<\/div>\n\t\t\t\t\t<\/div>\n\t\t<\/section>\n\t\t\t\t<\/div>","protected":false},"excerpt":{"rendered":"<p>Aulas Nossas aulas s\u00e3o projetadas para ajud\u00e1-lo a aprender os fundamentos da cer\u00e2mica e desenvolver suas habilidades no seu pr\u00f3prio ritmo. Voc\u00ea aprender\u00e1 constru\u00e7\u00e3o manual, arremesso de rodas, vitrifica\u00e7\u00e3o e muito mais. Vamos gui\u00e1-lo atrav\u00e9s do processo e ajud\u00e1-lo a criar suas pr\u00f3prias pe\u00e7as \u00fanicas. Seja voc\u00ea um iniciante completo ou um ceramista experiente, adaptaremos [&hellip;]<\/p>\n","protected":false},"author":1,"featured_media":0,"parent":0,"menu_order":0,"comment_status":"closed","ping_status":"closed","template":"elementor_header_footer","meta":{"_acf_changed":false,"footnotes":""},"class_list":["post-500","page","type-page","status-publish","hentry"],"acf":[],"_links":{"self":[{"href":"https:\/\/idceramicas.com\/en\/wp-json\/wp\/v2\/pages\/500","targetHints":{"allow":["GET"]}}],"collection":[{"href":"https:\/\/idceramicas.com\/en\/wp-json\/wp\/v2\/pages"}],"about":[{"href":"https:\/\/idceramicas.com\/en\/wp-json\/wp\/v2\/types\/page"}],"author":[{"embeddable":true,"href":"https:\/\/idceramicas.com\/en\/wp-json\/wp\/v2\/users\/1"}],"replies":[{"embeddable":true,"href":"https:\/\/idceramicas.com\/en\/wp-json\/wp\/v2\/comments?post=500"}],"version-history":[{"count":57,"href":"https:\/\/idceramicas.com\/en\/wp-json\/wp\/v2\/pages\/500\/revisions"}],"predecessor-version":[{"id":917,"href":"https:\/\/idceramicas.com\/en\/wp-json\/wp\/v2\/pages\/500\/revisions\/917"}],"wp:attachment":[{"href":"https:\/\/idceramicas.com\/en\/wp-json\/wp\/v2\/media?parent=500"}],"curies":[{"name":"wp","href":"https:\/\/api.w.org\/{rel}","templated":true}]}}